{"id":1036,"date":"2022-01-12T16:34:27","date_gmt":"2022-01-12T15:34:27","guid":{"rendered":"https:\/\/fvpuettlingen.de\/?page_id=1036"},"modified":"2022-01-12T16:46:45","modified_gmt":"2022-01-12T15:46:45","slug":"bolzwies-and-friends","status":"publish","type":"page","link":"https:\/\/fvpuettlingen.de\/?page_id=1036","title":{"rendered":"Bolzwies and Friends"},"content":{"rendered":"\n<figure class=\"wp-block-image size-large\"><img loading=\"lazy\" decoding=\"async\" width=\"1024\" height=\"670\" src=\"https:\/\/fvpuettlingen.de\/wp-content\/uploads\/2022\/01\/Bolwies-2019-1024x670.jpg\" alt=\"\" class=\"wp-image-1037\" srcset=\"https:\/\/fvpuettlingen.de\/wp-content\/uploads\/2022\/01\/Bolwies-2019-1024x670.jpg 1024w, https:\/\/fvpuettlingen.de\/wp-content\/uploads\/2022\/01\/Bolwies-2019-300x196.jpg 300w, https:\/\/fvpuettlingen.de\/wp-content\/uploads\/2022\/01\/Bolwies-2019-768x503.jpg 768w, https:\/\/fvpuettlingen.de\/wp-content\/uploads\/2022\/01\/Bolwies-2019.jpg 1512w\" sizes=\"auto, (max-width: 1024px) 100vw, 1024px\" \/><figcaption>Hier geht es zu unserer eigenen Homepage: <a rel=\"noreferrer noopener\" href=\"http:\/\/www.bolzwies.de\/\" target=\"_blank\">www.bolzwies.de<\/a><\/figcaption><\/figure>\n\n\n\n<p><\/p>\n\n\n\n<p><br><strong><span style=\"color:#f9e000\" class=\"has-inline-color\">Spieltermine 2022:<\/span><\/strong><br>Werden noch bekannt gegeben<\/p>\n\n\n\n<p><strong><span style=\"color:#f9e000\" class=\"has-inline-color\">Wer wir sind und wo wir herkommen:<\/span><\/strong><br>1978 wurden von der Stadt P\u00fcttlingen 2 Tore am Kreuzberg aufgebaut und man traf sich<br>dort zum Fu\u00dfballspielen. Schnell entwickelte sich der Platz zu einem Anziehungsmagnet. Alle<br>Kinder vom Berg kamen und wollten dort spielen. Leider wurde der Platz und die Tore durch<br>Vandalismus zerst\u00f6rt. Ein paar hundert Meter weiter hatten dann einige Jungs am<br>Heidkn\u00fcppel ebenfalls Tore errichtet. Und somit wurde aus dem FC Kreuzberg und dem FC<br>Heidkn\u00fcppel \u2013 der FC Bolzwies. Kinder und Jugendliche aus dem Ortsteil Berg trafen sich nun<br>regelm\u00e4\u00dfig um Ihrem Hobby nachzugehen.<\/p>\n\n\n\n<p><br>Doch auch dort nagte der Zahn der Zeit an den Fu\u00dfballtoren und nachdem diese der<br>Witterung komplett zum Opfer gefallen waren, entschied man sich in den Stadtpark<br>umzuziehen, da dort ja auch Tore standen. Mit diesem Umzug wurde das Einzugsgebiet<br>nat\u00fcrlich vergr\u00f6\u00dfert und weitere Spieler schlossen sich uns an. Doch das Heimweh nach<br>unserer alten Bolzwies war allgegenw\u00e4rtig und so kam es, dass wir eines Tages, <br>aufgrund unserer guten Beziehungen zum FV 08 P\u00fcttlingen, die alten Tore von dort bekamen. <br>Die Bolzwies war nun attraktiver denn je und schnell sprach es sich rum, dass man auf der<br>Bolzwies am besten die sch\u00f6nste Hauptsache der Welt betreiben konnte.<\/p>\n\n\n\n<p><br>1990 kamen dann einige auf die Idee, dass das sonnt\u00e4glichen bolzen nicht mehr ausreicht<br>und wir wollten Turniere spielen. Unser erstes Turnier fand am 18.11.1990 statt. Leider war<br>das erste Turnier nicht das Erfolgreichste, aber es spricht f\u00fcr die Fu\u00dfballverr\u00fccktheit und die<br>Kameradschaft in unserer Mannschaft, dass wir danach geschlossen eine Trainingseinheit bei<br>str\u00f6menden Regen auf unserer Bolzwies einlegten.<\/p>\n\n\n\n<p><br>Einige Monate sp\u00e4ter dann ein Einschnitt in die Bolzwies-Idylle: Die grausamen Ger\u00fcchte<br>hatten sich bewahrheitet: Die Stadt P\u00fcttlingen w\u00fcrde am Heidkn\u00fcppel ein riesiges neues<br>Wohngebiet schaffen. Opfer: Eine Reihe von B\u00e4umen, Str\u00e4uchern, V\u00f6geln, Grillen &#8211; und: Der<br>FC Bolzwies. Unsere sch\u00f6ne, ebene, gro\u00dfe, ruhige und vielbesuchte gr\u00fcne Bolzwies w\u00fcrde in<br>k\u00fcrzester Zeit einer Horde von wilden, h\u00e4sslichen, zerst\u00f6rerischen gelben Baggern und<br>Planierraupen zum Opfer fallen.<\/p>\n\n\n\n<p><br>1992 war dann auch mit dem Fu\u00dfballspielen am Heidkn\u00fcppel Schluss und wir schlugen<br>unsere Tore umgehend hinter dem Hubschrauberlandeplatz an der Klinik auf. Damit war die<br>\u201ealte Bolzwies\u201c tot und die Neue geboren. Doch auch hier lief es am Anfang nicht rund.<br>Irgendjemand hatte unsere sch\u00f6nen, m\u00fchsam herbeigeschleppten Tore abgebaut und an<br>den Zaun gekettet. Das Gel\u00e4nde geh\u00f6rte der Bundesknappschaft, und die Klinik-Verwaltung<br>k\u00f6nne es nicht hinnehmen, dass ohne ihre Zustimmung auf ihrem Gel\u00e4nde Bauwerke<br>errichtet werden w\u00fcrden. Nach einer Unterschriftensammlung und einem Termin bei der<br>Klinik durften wir aber bleiben und alles wurde gut.<\/p>\n\n\n\n<p><br>Bis ins Jahr 2007 nahmen wir jedes Jahr an zig Freundschaftsspielen und Turnieren teil und<br>waren damit auch sehr erfolgreich. Man munkelt, dass wir die erfolgreichste<br>Hobbymannschaft im K\u00f6llertal waren. Aber auch die sch\u00f6nste Zeit ging irgendwann mal zu<br>Ende und der Zuspruch lie\u00df nach. Nach und nach verloren wir die Spieler an Ihre<br>Freundinnen, Ehefrauen und Kinder. Auch Wohnortwechsel standen an und es wird<br>gemunkelt, dass einige mittlerweile einer Arbeit nachgehen, bei der es nicht m\u00f6glich war<br>sonntags Fu\u00dfball zu spielen. Aber das war ok. Wir hatten \u00fcber einen wirklich langen<br>Zeitraum uns jede Woche getroffen, Zeit zusammen verbracht, Spa\u00df gehabt und vor allem<br>Fu\u00dfball gespielt. Es war Schluss und der Riese legte sich schlafen.<\/p>\n\n\n\n<p><br>2019 kamen wir dann mal auf die Idee, man m\u00fcsste sich mal zum Hallenbolzen treffen, und<br>auch das war ein&nbsp;voller Erfolg. 14 aktive Spieler und zahlreiche Zuschauer waren an diesem<br>Tag anwesend. 2 Stunden Vollgasfu\u00dfball in der Halle und anschlie\u00dfend lie\u00dfen wir den Abend<br>feucht fr\u00f6hlich ausklingen. Und an diesem Abend entstand die erst Idee, die Bolzwies<br>Tradition wieder aufleben zu lassen. Leider machte uns Corona dann 2020 einen Strich durch<br>die Rechnung, so dass wir erst Mitte 2021 in die Planungen einsteigen konnten.<\/p>\n\n\n\n<p><br>Und dann hatten wir uns dazu entschlossen, in eine Kooperation mit dem FV 08 P\u00fcttlingen<br>einzutreten und dort k\u00fcnftig unsere Bolzwies-Sonntage auf dem Sportplatz Jungenwald<br>austragen. Rasenplatz und Biergarten, Duschen und Clubheim. Was will man mehr. Luxus auf<br>unsere alten Bolzwiestage.<\/p>\n\n\n\n<p>Endlich war es soweit. Am 26.09.21 fand das erste offizielle Bolzwies Spiel seit Jahren, wenn<br>nicht seit Jahrzenten statt. Den Bericht k\u00f6nnt Ihr auf unsere Homepage lesen. Seitdem<br>treffen wir uns in einem 4 Wochen Rhythmus und gehen sonntags ab 14 Uhr wieder<br>unserem Lieblingshobby nach. Auch im Jahr 20222 wird dies aufrechterhalten und die<br>Termine werden hier und auf unserer Facebook Seite regelm\u00e4\u00dfig bekanntgegeben.<\/p>\n\n\n\n<p><br>Eine kleine \u00c4nderung wird es jedoch geben. Aufgrund der Tatsache, dass die Bolzwies mit<br>Nachwuchsproblemen zu k\u00e4mpfen hat und der Spa\u00df am Spiel mit jedem zus\u00e4tzlichen<br>Mitspieler steigt, werden wir das sonnt\u00e4gliche bolzen als \u201eBolzwies and Friends\u201c laufen<br>lassen. Hierbei haben uns im letzten Jahr bereits Spieler aus der AH und der 2. Mannschaft<br>des FV 08 P\u00fcttlingen unterst\u00fctzt und auch die Freitags Bolz Truppe \u201eDie H\u00f6ll\u201c kommt<br>regelm\u00e4\u00dfig zum Spielen und zur 3. Halbzeit vorbei.<\/p>\n\n\n\n<p><br>Jeder der einigerma\u00dfen geradeauslaufen und einen Ball \u00fcber 1 Meter spielen kann und der<br>nat\u00fcrlich auch gerne 3 Halbzeiten da ist, ist herzlich eingeladen.<\/p>\n","protected":false},"excerpt":{"rendered":"<p>Spieltermine 2022:Werden noch bekannt gegeben Wer wir sind und wo wir herkommen:1978 wurden von der&#8230;<\/p>\n","protected":false},"author":2,"featured_media":0,"parent":0,"menu_order":0,"comment_status":"closed","ping_status":"closed","template":"","meta":{"ngg_post_thumbnail":0,"footnotes":""},"class_list":["post-1036","page","type-page","status-publish","hentry"],"_links":{"self":[{"href":"https:\/\/fvpuettlingen.de\/index.php?rest_route=\/wp\/v2\/pages\/1036","targetHints":{"allow":["GET"]}}],"collection":[{"href":"https:\/\/fvpuettlingen.de\/index.php?rest_route=\/wp\/v2\/pages"}],"about":[{"href":"https:\/\/fvpuettlingen.de\/index.php?rest_route=\/wp\/v2\/types\/page"}],"author":[{"embeddable":true,"href":"https:\/\/fvpuettlingen.de\/index.php?rest_route=\/wp\/v2\/users\/2"}],"replies":[{"embeddable":true,"href":"https:\/\/fvpuettlingen.de\/index.php?rest_route=%2Fwp%2Fv2%2Fcomments&post=1036"}],"version-history":[{"count":2,"href":"https:\/\/fvpuettlingen.de\/index.php?rest_route=\/wp\/v2\/pages\/1036\/revisions"}],"predecessor-version":[{"id":1051,"href":"https:\/\/fvpuettlingen.de\/index.php?rest_route=\/wp\/v2\/pages\/1036\/revisions\/1051"}],"wp:attachment":[{"href":"https:\/\/fvpuettlingen.de\/index.php?rest_route=%2Fwp%2Fv2%2Fmedia&parent=1036"}],"curies":[{"name":"wp","href":"https:\/\/api.w.org\/{rel}","templated":true}]}}